{"id":2475,"date":"2024-03-13T17:18:46","date_gmt":"2024-03-13T16:18:46","guid":{"rendered":"https:\/\/www.orthopaede-berlin.com\/imprint\/"},"modified":"2026-04-16T08:16:19","modified_gmt":"2026-04-16T06:16:19","slug":"imprint","status":"publish","type":"page","link":"https:\/\/www.orthopaede-berlin.com\/en\/imprint\/","title":{"rendered":"Imprint"},"content":{"rendered":"\t\t<div data-elementor-type=\"wp-page\" data-elementor-id=\"2475\" class=\"elementor elementor-2475 elementor-1110\" data-elementor-post-type=\"page\">\n\t\t\t\t<div class=\"elementor-element elementor-element-2b7c5c09 e-con-full e-flex e-con e-parent\" data-id=\"2b7c5c09\" data-element_type=\"container\" data-e-type=\"container\">\n\t\t<div class=\"elementor-element elementor-element-5acc4716 e-con-full e-flex e-con e-child\" data-id=\"5acc4716\" data-element_type=\"container\" data-e-type=\"container\">\n\t\t\t\t<div class=\"elementor-element elementor-element-76df8c7a elementor-widget elementor-widget-heading\" data-id=\"76df8c7a\" data-element_type=\"widget\" data-e-type=\"widget\" data-widget_type=\"heading.default\">\n\t\t\t\t<div class=\"elementor-widget-container\">\n\t\t\t\t\t<h1 class=\"elementor-heading-title elementor-size-default\">Imprint<\/h1>\t\t\t\t<\/div>\n\t\t\t\t<\/div>\n\t\t\t\t<div class=\"elementor-element elementor-element-1faf5f84 elementor-widget elementor-widget-heading\" data-id=\"1faf5f84\" data-element_type=\"widget\" data-e-type=\"widget\" data-widget_type=\"heading.default\">\n\t\t\t\t<div class=\"elementor-widget-container\">\n\t\t\t\t\t<h4 class=\"elementor-heading-title elementor-size-default\">Provider<\/h4>\t\t\t\t<\/div>\n\t\t\t\t<\/div>\n\t\t\t\t<div class=\"elementor-element elementor-element-296e7e4f elementor-widget elementor-widget-text-editor\" data-id=\"296e7e4f\" data-element_type=\"widget\" data-e-type=\"widget\" data-widget_type=\"text-editor.default\">\n\t\t\t\t<div class=\"elementor-widget-container\">\n\t\t\t\t\t\t\t\t\t<p>Dr. med. Christopher Topar<\/p>\t\t\t\t\t\t\t\t<\/div>\n\t\t\t\t<\/div>\n\t\t\t\t<div class=\"elementor-element elementor-element-1ac385ef elementor-widget elementor-widget-heading\" data-id=\"1ac385ef\" data-element_type=\"widget\" data-e-type=\"widget\" data-widget_type=\"heading.default\">\n\t\t\t\t<div class=\"elementor-widget-container\">\n\t\t\t\t\t<h4 class=\"elementor-heading-title elementor-size-default\">Address<\/h4>\t\t\t\t<\/div>\n\t\t\t\t<\/div>\n\t\t\t\t<div class=\"elementor-element elementor-element-25f09471 elementor-widget elementor-widget-text-editor\" data-id=\"25f09471\" data-element_type=\"widget\" data-e-type=\"widget\" data-widget_type=\"text-editor.default\">\n\t\t\t\t<div class=\"elementor-widget-container\">\n\t\t\t\t\t\t\t\t\tClayallee 225a in 14195 Berlin\t\t\t\t\t\t\t\t<\/div>\n\t\t\t\t<\/div>\n\t\t\t\t<div class=\"elementor-element elementor-element-f7bc6f1 elementor-widget elementor-widget-heading\" data-id=\"f7bc6f1\" data-element_type=\"widget\" data-e-type=\"widget\" data-widget_type=\"heading.default\">\n\t\t\t\t<div class=\"elementor-widget-container\">\n\t\t\t\t\t<h4 class=\"elementor-heading-title elementor-size-default\">Contact us<\/h4>\t\t\t\t<\/div>\n\t\t\t\t<\/div>\n\t\t\t\t<div class=\"elementor-element elementor-element-31b280cc elementor-widget elementor-widget-text-editor\" data-id=\"31b280cc\" data-element_type=\"widget\" data-e-type=\"widget\" data-widget_type=\"text-editor.default\">\n\t\t\t\t<div class=\"elementor-widget-container\">\n\t\t\t\t\t\t\t\t\t<p>Phone: +49 30 85071777<\/p><p>Fax: +49 30 854 07712<\/p><p>E-mail: <a class=\"email\" href=\"mailto:topar@ortho-eins.de\">topar@ortho-eins.de<\/a><\/p><p>Web: <a href=\"https:\/\/www.orthopaede-berlin.com\">www.orthopaede-berlin.com<\/a><\/p>\t\t\t\t\t\t\t\t<\/div>\n\t\t\t\t<\/div>\n\t\t\t\t<div class=\"elementor-element elementor-element-5332e575 elementor-widget elementor-widget-heading\" data-id=\"5332e575\" data-element_type=\"widget\" data-e-type=\"widget\" data-widget_type=\"heading.default\">\n\t\t\t\t<div class=\"elementor-widget-container\">\n\t\t\t\t\t<h4 class=\"elementor-heading-title elementor-size-default\">Responsible for the content<\/h4>\t\t\t\t<\/div>\n\t\t\t\t<\/div>\n\t\t\t\t<div class=\"elementor-element elementor-element-4fbfd461 elementor-widget elementor-widget-text-editor\" data-id=\"4fbfd461\" data-element_type=\"widget\" data-e-type=\"widget\" data-widget_type=\"text-editor.default\">\n\t\t\t\t<div class=\"elementor-widget-container\">\n\t\t\t\t\t\t\t\t\t<p>Dr. med. Christopher Topar<\/p><p> <\/p><p>Legal professional title:<br> Physician<br><br> State that granted the professional title<br> Federal Republic of Germany<br><br> VAT identification number: DE 282422103<\/p>\t\t\t\t\t\t\t\t<\/div>\n\t\t\t\t<\/div>\n\t\t\t\t<div class=\"elementor-element elementor-element-c326dd0 elementor-widget elementor-widget-heading\" data-id=\"c326dd0\" data-element_type=\"widget\" data-e-type=\"widget\" data-widget_type=\"heading.default\">\n\t\t\t\t<div class=\"elementor-widget-container\">\n\t\t\t\t\t<h4 class=\"elementor-heading-title elementor-size-default\">Medical Device Safety Officer in accordance with Section 6 of the Medical Devices Act (MPDG)<\/h4>\t\t\t\t<\/div>\n\t\t\t\t<\/div>\n\t\t\t\t<div class=\"elementor-element elementor-element-5187566 elementor-widget elementor-widget-text-editor\" data-id=\"5187566\" data-element_type=\"widget\" data-e-type=\"widget\" data-widget_type=\"text-editor.default\">\n\t\t\t\t<div class=\"elementor-widget-container\">\n\t\t\t\t\t\t\t\t\t<p>For reports related to medical devices, please contact:<br> <a href=\"mailto:office@ortho-eins.de\" target=\"_blank\" rel=\"noopener\">office@ortho-eins.de<\/a><\/p>\t\t\t\t\t\t\t\t<\/div>\n\t\t\t\t<\/div>\n\t\t\t\t<div class=\"elementor-element elementor-element-02cec98 elementor-widget elementor-widget-heading\" data-id=\"02cec98\" data-element_type=\"widget\" data-e-type=\"widget\" data-widget_type=\"heading.default\">\n\t\t\t\t<div class=\"elementor-widget-container\">\n\t\t\t\t\t<h4 class=\"elementor-heading-title elementor-size-default\">Design &amp; realization<\/h4>\t\t\t\t<\/div>\n\t\t\t\t<\/div>\n\t\t\t\t<div class=\"elementor-element elementor-element-1bba994 elementor-widget elementor-widget-image\" data-id=\"1bba994\" data-element_type=\"widget\" data-e-type=\"widget\" data-widget_type=\"image.default\">\n\t\t\t\t<div class=\"elementor-widget-container\">\n\t\t\t\t\t\t\t\t\t\t\t\t\t\t\t\t<a href=\"https:\/\/www.bitskin.de\" target=\"_blank\" rel=\"noopener\">\n\t\t\t\t\t\t\t<img decoding=\"async\" width=\"150\" height=\"60\" src=\"https:\/\/www.orthopaede-berlin.com\/wp-content\/uploads\/2024\/03\/bitskin.jpg\" class=\"attachment-full size-full wp-image-1873\" alt=\"\">\t\t\t\t\t\t\t\t<\/a>\n\t\t\t\t\t\t\t\t\t\t\t\t\t\t\t<\/div>\n\t\t\t\t<\/div>\n\t\t\t\t<div class=\"elementor-element elementor-element-ff9a44f elementor-widget elementor-widget-text-editor\" data-id=\"ff9a44f\" data-element_type=\"widget\" data-e-type=\"widget\" data-widget_type=\"text-editor.default\">\n\t\t\t\t<div class=\"elementor-widget-container\">\n\t\t\t\t\t\t\t\t\t<p><a href=\"https:\/\/www.bitskin.de\/wordpress-agentur\/\" target=\"_blank\" rel=\"noopener\">WordPress agency from Berlin<\/a><\/p>\t\t\t\t\t\t\t\t<\/div>\n\t\t\t\t<\/div>\n\t\t\t\t<\/div>\n\t\t<div class=\"elementor-element elementor-element-f69aa81 e-con-full e-flex e-con e-child\" data-id=\"f69aa81\" data-element_type=\"container\" data-e-type=\"container\">\n\t\t\t\t<div class=\"elementor-element elementor-element-a9012e5 elementor-widget elementor-widget-heading\" data-id=\"a9012e5\" data-element_type=\"widget\" data-e-type=\"widget\" data-widget_type=\"heading.default\">\n\t\t\t\t<div class=\"elementor-widget-container\">\n\t\t\t\t\t<h4 class=\"elementor-heading-title elementor-size-default\">Competent supervisory authority<\/h4>\t\t\t\t<\/div>\n\t\t\t\t<\/div>\n\t\t\t\t<div class=\"elementor-element elementor-element-8b998c0 elementor-widget elementor-widget-text-editor\" data-id=\"8b998c0\" data-element_type=\"widget\" data-e-type=\"widget\" data-widget_type=\"text-editor.default\">\n\t\t\t\t<div class=\"elementor-widget-container\">\n\t\t\t\t\t\t\t\t\t<p class=\"text-lg leading-normal text-grey-darker mb-4\">\u00c4rztekammer Berlin, K\u00f6rperschaft des \u00d6ffentliches Rechts, DGUV Deutsche Gesetzliche Unfallversicherung Landesverband Nordost: Authorization to perform magnetic resonance imaging services<\/p><p> <\/p><p class=\"text-lg leading-normal text-grey-darker mb-4\">Friedrichstr. 16<br> 10969 Berlin<\/p><p class=\"text-lg leading-normal text-grey-darker mb-4\"><br>Tel.: 030-40 80 60<br> Email: <a class=\"text-blue-500 underline\" href=\"mailto:kammer@aekb.de\">kammer@aekb.de<\/a><\/p><p> <\/p><p class=\"text-lg leading-normal text-grey-darker mb-4\"><a class=\"text-blue-500 underline\" href=\"http:\/\/www.aerztekammer-berlin.de\/\" target=\"_blank\" rel=\"noopener\">http:\/\/www.aerztekammer-berlin.de<\/a><\/p>\t\t\t\t\t\t\t\t<\/div>\n\t\t\t\t<\/div>\n\t\t\t\t<div class=\"elementor-element elementor-element-897a175 elementor-widget elementor-widget-heading\" data-id=\"897a175\" data-element_type=\"widget\" data-e-type=\"widget\" data-widget_type=\"heading.default\">\n\t\t\t\t<div class=\"elementor-widget-container\">\n\t\t\t\t\t<h4 class=\"elementor-heading-title elementor-size-default\">Professional regulations<\/h4>\t\t\t\t<\/div>\n\t\t\t\t<\/div>\n\t\t\t\t<div class=\"elementor-element elementor-element-59121cb elementor-widget elementor-widget-text-editor\" data-id=\"59121cb\" data-element_type=\"widget\" data-e-type=\"widget\" data-widget_type=\"text-editor.default\">\n\t\t\t\t<div class=\"elementor-widget-container\">\n\t\t\t\t\t\t\t\t\t<p class=\"text-lg leading-normal text-grey-darker mb-4\">Federal Medical Code, available on the website<br> <a class=\"text-blue-500 underline\" href=\"http:\/\/www.gesetze-im-internet.de\/\" target=\"_blank\" rel=\"noopener\">www.gesetze-im-internet.de<\/a><\/p><p> <\/p><p class=\"text-lg leading-normal text-grey-darker mb-4\">Licensing regulations for physicians, available on the website<br> <a class=\"text-blue-500 underline\" href=\"http:\/\/www.gesetze-im-internet.de\/\" target=\"_blank\" rel=\"noopener\">www.gesetze-im-internet.de<\/a><\/p><p> <\/p><p class=\"text-lg leading-normal text-grey-darker mb-4\">Professional code of conduct of the Berlin Medical Association, available on the website of the Berlin Medical Association at<br> <a class=\"text-blue-500 underline\" href=\"http:\/\/www.aerztekammer-berlin.de\/\" target=\"_blank\" rel=\"noopener\">www.aerztekammer-berlin.de<\/a><\/p><p> <\/p><p class=\"text-lg leading-normal text-grey-darker mb-4\">Law on the Chambers and Professional Jurisdiction of Physicians, Dentists, Veterinarians, Pharmacists, Psychological Psychotherapists and Child and Adolescent Psychotherapists (Berlin Chamber Law), available on the website of the Berlin Medical Association at<br> <a class=\"text-blue-500 underline\" href=\"http:\/\/www.aerztekammer-berlin.de\/\" target=\"_blank\" rel=\"noopener\">www.aerztekammer-berlin.de<\/a><\/p><p> <\/p><p class=\"text-lg leading-normal text-grey-darker mb-4\">Fee schedule for physicians (GO\u00c4), available on the website<br> <a class=\"text-blue-500 underline\" href=\"http:\/\/www.gesetze-im-internet.de\/\" target=\"_blank\" rel=\"noopener\">www.gesetze-im-internet.de<\/a><\/p>\t\t\t\t\t\t\t\t<\/div>\n\t\t\t\t<\/div>\n\t\t\t\t<\/div>\n\t\t\t\t<\/div>\n\t\t\t\t<\/div>\n\t\t","protected":false},"excerpt":{"rendered":"<p>Imprint Provider Dr. med. Christopher Topar Address Clayallee 225a in 14195 Berlin Contact us Phone: +49 30 85071777 Fax: +49 30 854 07712 E-mail: topar@ortho-eins.de Web: www.orthopaede-berlin.com Responsible for the content Dr. med. Christopher Topar Legal professional title: Physician State that granted the professional title Federal Republic of Germany VAT identification number: DE 282422103 Medical [&hellip;]<\/p>\n","protected":false},"author":1,"featured_media":0,"parent":0,"menu_order":0,"comment_status":"closed","ping_status":"closed","template":"","meta":{"footnotes":""},"class_list":["post-2475","page","type-page","status-publish","hentry"],"_links":{"self":[{"href":"https:\/\/www.orthopaede-berlin.com\/en\/wp-json\/wp\/v2\/pages\/2475","targetHints":{"allow":["GET"]}}],"collection":[{"href":"https:\/\/www.orthopaede-berlin.com\/en\/wp-json\/wp\/v2\/pages"}],"about":[{"href":"https:\/\/www.orthopaede-berlin.com\/en\/wp-json\/wp\/v2\/types\/page"}],"author":[{"embeddable":true,"href":"https:\/\/www.orthopaede-berlin.com\/en\/wp-json\/wp\/v2\/users\/1"}],"replies":[{"embeddable":true,"href":"https:\/\/www.orthopaede-berlin.com\/en\/wp-json\/wp\/v2\/comments?post=2475"}],"version-history":[{"count":3,"href":"https:\/\/www.orthopaede-berlin.com\/en\/wp-json\/wp\/v2\/pages\/2475\/revisions"}],"predecessor-version":[{"id":3548,"href":"https:\/\/www.orthopaede-berlin.com\/en\/wp-json\/wp\/v2\/pages\/2475\/revisions\/3548"}],"wp:attachment":[{"href":"https:\/\/www.orthopaede-berlin.com\/en\/wp-json\/wp\/v2\/media?parent=2475"}],"curies":[{"name":"wp","href":"https:\/\/api.w.org\/{rel}","templated":true}]}}