{"id":2447,"date":"2024-03-01T18:39:05","date_gmt":"2024-03-01T17:39:05","guid":{"rendered":"https:\/\/www.orthopaede-berlin.com\/philosophy\/"},"modified":"2024-06-25T10:58:47","modified_gmt":"2024-06-25T08:58:47","slug":"philosophy","status":"publish","type":"page","link":"https:\/\/www.orthopaede-berlin.com\/en\/philosophy\/","title":{"rendered":"Philosophy"},"content":{"rendered":"\t\t<div data-elementor-type=\"wp-page\" data-elementor-id=\"2447\" class=\"elementor elementor-2447 elementor-486\" data-elementor-post-type=\"page\">\n\t\t\t\t<div class=\"elementor-element elementor-element-ebe138f e-con-full e-flex e-con e-parent\" data-id=\"ebe138f\" data-element_type=\"container\" data-e-type=\"container\">\n\t\t<div class=\"elementor-element elementor-element-702a45a e-con-full e-flex e-con e-child\" data-id=\"702a45a\" data-element_type=\"container\" data-e-type=\"container\">\n\t\t\t\t<div class=\"elementor-element elementor-element-086a3c4 elementor-widget elementor-widget-heading\" data-id=\"086a3c4\" data-element_type=\"widget\" data-e-type=\"widget\" data-widget_type=\"heading.default\">\n\t\t\t\t<div class=\"elementor-widget-container\">\n\t\t\t\t\t<h1 class=\"elementor-heading-title elementor-size-default\">About Us<\/h1>\t\t\t\t<\/div>\n\t\t\t\t<\/div>\n\t\t\t\t<div class=\"elementor-element elementor-element-86d4312 elementor-widget elementor-widget-heading\" data-id=\"86d4312\" data-element_type=\"widget\" data-e-type=\"widget\" data-widget_type=\"heading.default\">\n\t\t\t\t<div class=\"elementor-widget-container\">\n\t\t\t\t\t<h2 class=\"elementor-heading-title elementor-size-default\">Your first address for spine<\/h2>\t\t\t\t<\/div>\n\t\t\t\t<\/div>\n\t\t\t\t<div class=\"elementor-element elementor-element-474a6bb elementor-widget elementor-widget-heading\" data-id=\"474a6bb\" data-element_type=\"widget\" data-e-type=\"widget\" data-widget_type=\"heading.default\">\n\t\t\t\t<div class=\"elementor-widget-container\">\n\t\t\t\t\t<h4 class=\"elementor-heading-title elementor-size-default\">Innovative orthopaedics in Berln-Dahlem<\/h4>\t\t\t\t<\/div>\n\t\t\t\t<\/div>\n\t\t\t\t<div class=\"elementor-element elementor-element-0f96b79 elementor-widget elementor-widget-text-editor\" data-id=\"0f96b79\" data-element_type=\"widget\" data-e-type=\"widget\" data-widget_type=\"text-editor.default\">\n\t\t\t\t<div class=\"elementor-widget-container\">\n\t\t\t\t\t\t\t\t\t<p>You are in good hands and well looked after in our private practice for orthopaedics &#8220;ORTHO-EINS&#8221; in Berlin-Dahlem. We use minimally invasive treatment methods and state-of-the-art technology to help you achieve freedom from pain and a new quality of life in the gentlest possible way. We always proceed according to the principle: as much as necessary &#8211; as little as possible.<\/p>\n\t\t\t\t\t\t\t\t<\/div>\n\t\t\t\t<\/div>\n\t\t\t\t<div class=\"elementor-element elementor-element-c115358 elementor-widget elementor-widget-heading\" data-id=\"c115358\" data-element_type=\"widget\" data-e-type=\"widget\" data-widget_type=\"heading.default\">\n\t\t\t\t<div class=\"elementor-widget-container\">\n\t\t\t\t\t<h4 class=\"elementor-heading-title elementor-size-default\">IT'S ABOUT THEM!<\/h4>\t\t\t\t<\/div>\n\t\t\t\t<\/div>\n\t\t\t\t<div class=\"elementor-element elementor-element-3908fb0 elementor-widget elementor-widget-text-editor\" data-id=\"3908fb0\" data-element_type=\"widget\" data-e-type=\"widget\" data-widget_type=\"text-editor.default\">\n\t\t\t\t<div class=\"elementor-widget-container\">\n\t\t\t\t\t\t\t\t\t<p>All your questions will be answered and any concerns discussed in a detailed consultation. We will inform you about the cause of your complaints and about sensible and necessary treatment measures. Together we will create a therapy concept tailored to your needs. The decisive factor here is not only your individual requirements, but above all your wishes, needs and demands.<\/p>\n\t\t\t\t\t\t\t\t<\/div>\n\t\t\t\t<\/div>\n\t\t\t\t<div class=\"elementor-element elementor-element-d24beca elementor-widget elementor-widget-heading\" data-id=\"d24beca\" data-element_type=\"widget\" data-e-type=\"widget\" data-widget_type=\"heading.default\">\n\t\t\t\t<div class=\"elementor-widget-container\">\n\t\t\t\t\t<h4 class=\"elementor-heading-title elementor-size-default\">ON THE TRAIL OF PAIN: ORTHOPAEDIST DR. TOPAR IN BERLIN<\/h4>\t\t\t\t<\/div>\n\t\t\t\t<\/div>\n\t\t\t\t<div class=\"elementor-element elementor-element-01a3163 elementor-widget elementor-widget-text-editor\" data-id=\"01a3163\" data-element_type=\"widget\" data-e-type=\"widget\" data-widget_type=\"text-editor.default\">\n\t\t\t\t<div class=\"elementor-widget-container\">\n\t\t\t\t\t\t\t\t\t<p>If conventional treatment with painkillers and physiotherapy does not alleviate the symptoms, surgical intervention is often required. Our aim is to avoid surgery. We are breaking new ground &#8211; and using the most advanced diagnostic procedures to get to the root cause quickly and precisely. Once the source of the pain has been localized, non-surgical treatment methods can be used to minimize both the risk and the stress for you.<\/p>\n\t\t\t\t\t\t\t\t<\/div>\n\t\t\t\t<\/div>\n\t\t\t\t<div class=\"elementor-element elementor-element-e7483b4 elementor-widget elementor-widget-heading\" data-id=\"e7483b4\" data-element_type=\"widget\" data-e-type=\"widget\" data-widget_type=\"heading.default\">\n\t\t\t\t<div class=\"elementor-widget-container\">\n\t\t\t\t\t<h4 class=\"elementor-heading-title elementor-size-default\">EVERYTHING UNDER ONE ROOF IN BERLIN-DAHLEM<\/h4>\t\t\t\t<\/div>\n\t\t\t\t<\/div>\n\t\t\t\t<div class=\"elementor-element elementor-element-e1e8d44 elementor-widget elementor-widget-text-editor\" data-id=\"e1e8d44\" data-element_type=\"widget\" data-e-type=\"widget\" data-widget_type=\"text-editor.default\">\n\t\t\t\t<div class=\"elementor-widget-container\">\n\t\t\t\t\t\t\t\t\t<p>From diagnosis to treatment and aftercare. This means short distances and enormous time savings. Thanks to exclusive technical equipment and the fastest possible diagnosis, we are able to initiate therapeutic measures immediately.<\/p>\n\t\t\t\t\t\t\t\t<\/div>\n\t\t\t\t<\/div>\n\t\t\t\t<div class=\"elementor-element elementor-element-35c003a elementor-widget elementor-widget-heading\" data-id=\"35c003a\" data-element_type=\"widget\" data-e-type=\"widget\" data-widget_type=\"heading.default\">\n\t\t\t\t<div class=\"elementor-widget-container\">\n\t\t\t\t\t<h4 class=\"elementor-heading-title elementor-size-default\">ALL-ROUND CARE<\/h4>\t\t\t\t<\/div>\n\t\t\t\t<\/div>\n\t\t\t\t<div class=\"elementor-element elementor-element-cdc095c elementor-widget elementor-widget-text-editor\" data-id=\"cdc095c\" data-element_type=\"widget\" data-e-type=\"widget\" data-widget_type=\"text-editor.default\">\n\t\t\t\t<div class=\"elementor-widget-container\">\n\t\t\t\t\t\t\t\t\t<p>In addition to general orthopaedics, our range of services includes chirotherapy, periradicular therapy (PRT), sports medicine, shock wave therapy, acupuncture, laser therapy and rheumatism therapy. The practice focuses on minimally invasive spinal therapy, non-surgical osteoarthritis therapy and minimally invasive procedures on joints such as the shoulder, knee and hip. We also treat migraines, slipped discs and lumbago.<\/p>\n<\/p>\n<p>Our friendly team at the orthopaedic practice &#8220;ORTHO-EINS&#8221; in Berlin-Dahlem ensures optimal organization and a smooth process in a pleasant atmosphere. Spine specialist and orthopaedist in Berlin Dr. Christopher Topar and the entire team look forward to your visit to the practice in Berlin&#8217;s Dahlem district.<\/p>\n\t\t\t\t\t\t\t\t<\/div>\n\t\t\t\t<\/div>\n\t\t\t\t<\/div>\n\t\t<div class=\"elementor-element elementor-element-d67b533 e-con-full e-flex e-con e-child\" data-id=\"d67b533\" data-element_type=\"container\" data-e-type=\"container\">\n\t\t<div class=\"elementor-element elementor-element-8517b32 e-con-full e-flex e-con e-child\" data-id=\"8517b32\" data-element_type=\"container\" data-e-type=\"container\">\n\t\t\t\t<div class=\"elementor-element elementor-element-60f0bce elementor-widget__width-inherit elementor-arrows-position-inside elementor-widget elementor-widget-n-carousel\" data-id=\"60f0bce\" data-element_type=\"widget\" data-e-type=\"widget\" data-settings=\"{&quot;carousel_items&quot;:[{&quot;slide_title&quot;:&quot;Slide #1&quot;,&quot;_id&quot;:&quot;ccb92e1&quot;},{&quot;slide_title&quot;:&quot;Slide #1&quot;,&quot;_id&quot;:&quot;358fd56&quot;},{&quot;slide_title&quot;:&quot;Slide #1&quot;,&quot;_id&quot;:&quot;74f2f17&quot;}],&quot;slides_to_show&quot;:&quot;1&quot;,&quot;slides_to_scroll&quot;:&quot;1&quot;,&quot;slides_to_show_tablet&quot;:&quot;1&quot;,&quot;slides_to_show_mobile&quot;:&quot;1&quot;,&quot;speed&quot;:500,&quot;arrows&quot;:&quot;yes&quot;,&quot;image_spacing_custom&quot;:{&quot;unit&quot;:&quot;px&quot;,&quot;size&quot;:10,&quot;sizes&quot;:[]},&quot;image_spacing_custom_tablet&quot;:{&quot;unit&quot;:&quot;px&quot;,&quot;size&quot;:&quot;&quot;,&quot;sizes&quot;:[]},&quot;image_spacing_custom_mobile&quot;:{&quot;unit&quot;:&quot;px&quot;,&quot;size&quot;:&quot;&quot;,&quot;sizes&quot;:[]}}\" data-widget_type=\"nested-carousel.default\">\n\t\t\t\t<div class=\"elementor-widget-container\">\n\t\t\t\t\t\t\t<div class=\"e-n-carousel swiper\" role=\"region\" aria-roledescription=\"carousel\" aria-label=\"Carousel\" dir=\"ltr\">\n\t\t\t<div class=\"swiper-wrapper\" aria-live=\"polite\">\n\t\t\t\t\t\t\t\t\t\t<div class=\"swiper-slide\" data-slide=\"1\" role=\"group\" aria-roledescription=\"slide\" aria-label=\"1 of 3\">\n\t\t\t\t\t\t\t<div class=\"elementor-element elementor-element-15c2b1d e-con-full e-flex e-con e-child\" data-id=\"15c2b1d\" data-element_type=\"container\" data-e-type=\"container\">\n\t\t\t\t<div class=\"elementor-element elementor-element-036f039 elementor-widget__width-initial elementor-widget elementor-widget-image\" data-id=\"036f039\" data-element_type=\"widget\" data-e-type=\"widget\" data-widget_type=\"image.default\">\n\t\t\t\t<div class=\"elementor-widget-container\">\n\t\t\t\t\t\t\t\t\t\t\t\t\t\t\t<img fetchpriority=\"high\" decoding=\"async\" width=\"1000\" height=\"667\" src=\"https:\/\/www.orthopaede-berlin.com\/wp-content\/uploads\/2024\/03\/diagnostik.jpg\" class=\"attachment-full size-full wp-image-939\" alt=\"Privatpraxis f\u00fcr Orthop\u00e4die Dr. Topar in Berlin - Untersuchung der Wirbels\u00e4ule\" srcset=\"https:\/\/www.orthopaede-berlin.com\/wp-content\/uploads\/2024\/03\/diagnostik.jpg 1000w, https:\/\/www.orthopaede-berlin.com\/wp-content\/uploads\/2024\/03\/diagnostik-300x200.jpg 300w, https:\/\/www.orthopaede-berlin.com\/wp-content\/uploads\/2024\/03\/diagnostik-768x512.jpg 768w\" sizes=\"(max-width: 1000px) 100vw, 1000px\" \/>\t\t\t\t\t\t\t\t\t\t\t\t\t\t\t<\/div>\n\t\t\t\t<\/div>\n\t\t<div class=\"elementor-element elementor-element-5aaf904 e-con-full e-flex e-con e-child\" data-id=\"5aaf904\" data-element_type=\"container\" data-e-type=\"container\">\n\t\t<div class=\"elementor-element elementor-element-72b0866 e-con-full e-flex e-con e-child\" data-id=\"72b0866\" data-element_type=\"container\" data-e-type=\"container\">\n\t\t\t\t<div class=\"elementor-element elementor-element-e94a4bb elementor-widget elementor-widget-heading\" data-id=\"e94a4bb\" data-element_type=\"widget\" data-e-type=\"widget\" data-widget_type=\"heading.default\">\n\t\t\t\t<div class=\"elementor-widget-container\">\n\t\t\t\t\t<h4 class=\"elementor-heading-title elementor-size-default\">Diagnostics<\/h4>\t\t\t\t<\/div>\n\t\t\t\t<\/div>\n\t\t\t\t<div class=\"elementor-element elementor-element-059b253 elementor-widget__width-initial elementor-widget elementor-widget-text-editor\" data-id=\"059b253\" data-element_type=\"widget\" data-e-type=\"widget\" data-widget_type=\"text-editor.default\">\n\t\t\t\t<div class=\"elementor-widget-container\">\n\t\t\t\t\t\t\t\t\t<p>The diagnostic procedures at the practice in Berlin-Dahlem are anamnesis, clinical examination, sonography (ultrasound) and imaging procedures such as MRI, CT and X-ray.<\/p>\n\t\t\t\t\t\t\t\t<\/div>\n\t\t\t\t<\/div>\n\t\t\t\t<\/div>\n\t\t\t\t<div class=\"elementor-element elementor-element-2d10b0e elementor-widget elementor-widget-button\" data-id=\"2d10b0e\" data-element_type=\"widget\" data-e-type=\"widget\" data-widget_type=\"button.default\">\n\t\t\t\t<div class=\"elementor-widget-container\">\n\t\t\t\t\t\t\t\t\t<div class=\"elementor-button-wrapper\">\n\t\t\t\t\t<a class=\"elementor-button elementor-button-link elementor-size-sm\" href=\"https:\/\/www.orthopaede-berlin.com\/en\/diagnostics\/\">\n\t\t\t\t\t\t<span class=\"elementor-button-content-wrapper\">\n\t\t\t\t\t\t\t\t\t<span class=\"elementor-button-text\">Learn more<\/span>\n\t\t\t\t\t<\/span>\n\t\t\t\t\t<\/a>\n\t\t\t\t<\/div>\n\t\t\t\t\t\t\t\t<\/div>\n\t\t\t\t<\/div>\n\t\t\t\t<\/div>\n\t\t\t\t<\/div>\n\t\t\t\t\t\t\t\t<\/div>\n\t\t\t\t\t\t\t\t\t\t\t<div class=\"swiper-slide\" data-slide=\"2\" role=\"group\" aria-roledescription=\"slide\" aria-label=\"2 of 3\">\n\t\t\t\t\t\t\t<div class=\"elementor-element elementor-element-f19f571 e-con-full e-flex e-con e-child\" data-id=\"f19f571\" data-element_type=\"container\" data-e-type=\"container\">\n\t\t\t\t<div class=\"elementor-element elementor-element-962b3e5 elementor-widget__width-initial elementor-widget elementor-widget-image\" data-id=\"962b3e5\" data-element_type=\"widget\" data-e-type=\"widget\" data-widget_type=\"image.default\">\n\t\t\t\t<div class=\"elementor-widget-container\">\n\t\t\t\t\t\t\t\t\t\t\t\t\t\t\t<img decoding=\"async\" width=\"1000\" height=\"667\" src=\"https:\/\/www.orthopaede-berlin.com\/wp-content\/uploads\/2024\/03\/konservativ.jpg\" class=\"attachment-full size-full wp-image-941\" alt=\"Privatpraxis f\u00fcr Orthop\u00e4die Dr. Topar in Berlin - Behandlungsraum\" srcset=\"https:\/\/www.orthopaede-berlin.com\/wp-content\/uploads\/2024\/03\/konservativ.jpg 1000w, https:\/\/www.orthopaede-berlin.com\/wp-content\/uploads\/2024\/03\/konservativ-300x200.jpg 300w, https:\/\/www.orthopaede-berlin.com\/wp-content\/uploads\/2024\/03\/konservativ-768x512.jpg 768w\" sizes=\"(max-width: 1000px) 100vw, 1000px\" \/>\t\t\t\t\t\t\t\t\t\t\t\t\t\t\t<\/div>\n\t\t\t\t<\/div>\n\t\t<div class=\"elementor-element elementor-element-4b6f9a5 e-con-full e-flex e-con e-child\" data-id=\"4b6f9a5\" data-element_type=\"container\" data-e-type=\"container\">\n\t\t<div class=\"elementor-element elementor-element-53226f1 e-con-full e-flex e-con e-child\" data-id=\"53226f1\" data-element_type=\"container\" data-e-type=\"container\">\n\t\t\t\t<div class=\"elementor-element elementor-element-18fd4c0 elementor-widget elementor-widget-heading\" data-id=\"18fd4c0\" data-element_type=\"widget\" data-e-type=\"widget\" data-widget_type=\"heading.default\">\n\t\t\t\t<div class=\"elementor-widget-container\">\n\t\t\t\t\t<h4 class=\"elementor-heading-title elementor-size-default\">Conservative therapy<\/h4>\t\t\t\t<\/div>\n\t\t\t\t<\/div>\n\t\t\t\t<div class=\"elementor-element elementor-element-1b7d02a elementor-widget__width-initial elementor-widget elementor-widget-text-editor\" data-id=\"1b7d02a\" data-element_type=\"widget\" data-e-type=\"widget\" data-widget_type=\"text-editor.default\">\n\t\t\t\t<div class=\"elementor-widget-container\">\n\t\t\t\t\t\t\t\t\t<p>Dr. Topar and his team offer you a variety of conservative therapies (including chiropractic\/manual therapy, acupuncture).<\/p>\n\t\t\t\t\t\t\t\t<\/div>\n\t\t\t\t<\/div>\n\t\t\t\t<\/div>\n\t\t\t\t<div class=\"elementor-element elementor-element-d0f507a elementor-widget elementor-widget-button\" data-id=\"d0f507a\" data-element_type=\"widget\" data-e-type=\"widget\" data-widget_type=\"button.default\">\n\t\t\t\t<div class=\"elementor-widget-container\">\n\t\t\t\t\t\t\t\t\t<div class=\"elementor-button-wrapper\">\n\t\t\t\t\t<a class=\"elementor-button elementor-button-link elementor-size-sm\" href=\"https:\/\/www.orthopaede-berlin.com\/en\/conservative-therapies\/\">\n\t\t\t\t\t\t<span class=\"elementor-button-content-wrapper\">\n\t\t\t\t\t\t\t\t\t<span class=\"elementor-button-text\">Learn more<\/span>\n\t\t\t\t\t<\/span>\n\t\t\t\t\t<\/a>\n\t\t\t\t<\/div>\n\t\t\t\t\t\t\t\t<\/div>\n\t\t\t\t<\/div>\n\t\t\t\t<\/div>\n\t\t\t\t<\/div>\n\t\t\t\t\t\t\t\t<\/div>\n\t\t\t\t\t\t\t\t\t\t\t<div class=\"swiper-slide\" data-slide=\"3\" role=\"group\" aria-roledescription=\"slide\" aria-label=\"3 of 3\">\n\t\t\t\t\t\t\t<div class=\"elementor-element elementor-element-b99704c e-con-full e-flex e-con e-child\" data-id=\"b99704c\" data-element_type=\"container\" data-e-type=\"container\">\n\t\t\t\t<div class=\"elementor-element elementor-element-e3ac8de elementor-widget__width-initial elementor-widget elementor-widget-image\" data-id=\"e3ac8de\" data-element_type=\"widget\" data-e-type=\"widget\" data-widget_type=\"image.default\">\n\t\t\t\t<div class=\"elementor-widget-container\">\n\t\t\t\t\t\t\t\t\t\t\t\t\t\t\t<img decoding=\"async\" width=\"1000\" height=\"667\" src=\"https:\/\/www.orthopaede-berlin.com\/wp-content\/uploads\/2024\/03\/minimal.jpg\" class=\"attachment-full size-full wp-image-943\" alt=\"Private orthopedic practice of Dr. Topar in Berlin - Treatment with injections\" srcset=\"https:\/\/www.orthopaede-berlin.com\/wp-content\/uploads\/2024\/03\/minimal.jpg 1000w, https:\/\/www.orthopaede-berlin.com\/wp-content\/uploads\/2024\/03\/minimal-300x200.jpg 300w, https:\/\/www.orthopaede-berlin.com\/wp-content\/uploads\/2024\/03\/minimal-768x512.jpg 768w\" sizes=\"(max-width: 1000px) 100vw, 1000px\" \/>\t\t\t\t\t\t\t\t\t\t\t\t\t\t\t<\/div>\n\t\t\t\t<\/div>\n\t\t<div class=\"elementor-element elementor-element-e5062d7 e-con-full e-flex e-con e-child\" data-id=\"e5062d7\" data-element_type=\"container\" data-e-type=\"container\">\n\t\t<div class=\"elementor-element elementor-element-ba98017 e-con-full e-flex e-con e-child\" data-id=\"ba98017\" data-element_type=\"container\" data-e-type=\"container\">\n\t\t\t\t<div class=\"elementor-element elementor-element-b33e91d elementor-widget elementor-widget-heading\" data-id=\"b33e91d\" data-element_type=\"widget\" data-e-type=\"widget\" data-widget_type=\"heading.default\">\n\t\t\t\t<div class=\"elementor-widget-container\">\n\t\t\t\t\t<h4 class=\"elementor-heading-title elementor-size-default\">Minimally invasive therapy<\/h4>\t\t\t\t<\/div>\n\t\t\t\t<\/div>\n\t\t\t\t<div class=\"elementor-element elementor-element-b512e17 elementor-widget__width-initial elementor-widget elementor-widget-text-editor\" data-id=\"b512e17\" data-element_type=\"widget\" data-e-type=\"widget\" data-widget_type=\"text-editor.default\">\n\t\t\t\t<div class=\"elementor-widget-container\">\n\t\t\t\t\t\t\t\t\t<p>The exact determination of the source of pain: the core areas of the orthopaedic practice in Berlin-Dahlem are minimally invasive treatments of the spine and joints.<\/p>\n\t\t\t\t\t\t\t\t<\/div>\n\t\t\t\t<\/div>\n\t\t\t\t<\/div>\n\t\t\t\t<div class=\"elementor-element elementor-element-3a1f2e7 elementor-widget elementor-widget-button\" data-id=\"3a1f2e7\" data-element_type=\"widget\" data-e-type=\"widget\" data-widget_type=\"button.default\">\n\t\t\t\t<div class=\"elementor-widget-container\">\n\t\t\t\t\t\t\t\t\t<div class=\"elementor-button-wrapper\">\n\t\t\t\t\t<a class=\"elementor-button elementor-button-link elementor-size-sm\" href=\"https:\/\/www.orthopaede-berlin.com\/en\/minimally-invasive-therapies\/\">\n\t\t\t\t\t\t<span class=\"elementor-button-content-wrapper\">\n\t\t\t\t\t\t\t\t\t<span class=\"elementor-button-text\">Learn more<\/span>\n\t\t\t\t\t<\/span>\n\t\t\t\t\t<\/a>\n\t\t\t\t<\/div>\n\t\t\t\t\t\t\t\t<\/div>\n\t\t\t\t<\/div>\n\t\t\t\t<\/div>\n\t\t\t\t<\/div>\n\t\t\t\t\t\t\t\t<\/div>\n\t\t\t\t\t\t\t\t<\/div>\n\t\t<\/div>\n\t\t\t\t\t<div class=\"elementor-swiper-button elementor-swiper-button-prev\" role=\"button\" tabindex=\"0\" aria-label=\"Previous\">\n\t\t\t\t<svg aria-hidden=\"true\" class=\"e-font-icon-svg e-eicon-chevron-left\" viewBox=\"0 0 1000 1000\" xmlns=\"http:\/\/www.w3.org\/2000\/svg\"><path d=\"M646 125C629 125 613 133 604 142L308 442C296 454 292 471 292 487 292 504 296 521 308 533L604 854C617 867 629 875 646 875 663 875 679 871 692 858 704 846 713 829 713 812 713 796 708 779 692 767L438 487 692 225C700 217 708 204 708 187 708 171 704 154 692 142 675 129 663 125 646 125Z\"><\/path><\/svg>\t\t\t<\/div>\n\t\t\t<div class=\"elementor-swiper-button elementor-swiper-button-next\" role=\"button\" tabindex=\"0\" aria-label=\"Next\">\n\t\t\t\t<svg aria-hidden=\"true\" class=\"e-font-icon-svg e-eicon-chevron-right\" viewBox=\"0 0 1000 1000\" xmlns=\"http:\/\/www.w3.org\/2000\/svg\"><path d=\"M696 533C708 521 713 504 713 487 713 471 708 454 696 446L400 146C388 133 375 125 354 125 338 125 325 129 313 142 300 154 292 171 292 187 292 204 296 221 308 233L563 492 304 771C292 783 288 800 288 817 288 833 296 850 308 863 321 871 338 875 354 875 371 875 388 867 400 854L696 533Z\"><\/path><\/svg>\t\t\t<\/div>\n\t\t\t\t\t\t<\/div>\n\t\t\t\t<\/div>\n\t\t\t\t<\/div>\n\t\t\t\t<\/div>\n\t\t\t\t<\/div>\n\t\t\t\t<\/div>\n\t\t","protected":false},"excerpt":{"rendered":"<p>About Us Your first address for spine Innovative orthopaedics in Berln-Dahlem You are in good hands and well looked after in our private practice for orthopaedics &#8220;ORTHO-EINS&#8221; in Berlin-Dahlem. We use minimally invasive treatment methods and state-of-the-art technology to help you achieve freedom from pain and a new quality of life in the gentlest possible [&hellip;]<\/p>\n","protected":false},"author":1,"featured_media":0,"parent":0,"menu_order":0,"comment_status":"closed","ping_status":"closed","template":"","meta":{"footnotes":""},"class_list":["post-2447","page","type-page","status-publish","hentry"],"_links":{"self":[{"href":"https:\/\/www.orthopaede-berlin.com\/en\/wp-json\/wp\/v2\/pages\/2447","targetHints":{"allow":["GET"]}}],"collection":[{"href":"https:\/\/www.orthopaede-berlin.com\/en\/wp-json\/wp\/v2\/pages"}],"about":[{"href":"https:\/\/www.orthopaede-berlin.com\/en\/wp-json\/wp\/v2\/types\/page"}],"author":[{"embeddable":true,"href":"https:\/\/www.orthopaede-berlin.com\/en\/wp-json\/wp\/v2\/users\/1"}],"replies":[{"embeddable":true,"href":"https:\/\/www.orthopaede-berlin.com\/en\/wp-json\/wp\/v2\/comments?post=2447"}],"version-history":[{"count":1,"href":"https:\/\/www.orthopaede-berlin.com\/en\/wp-json\/wp\/v2\/pages\/2447\/revisions"}],"predecessor-version":[{"id":2448,"href":"https:\/\/www.orthopaede-berlin.com\/en\/wp-json\/wp\/v2\/pages\/2447\/revisions\/2448"}],"wp:attachment":[{"href":"https:\/\/www.orthopaede-berlin.com\/en\/wp-json\/wp\/v2\/media?parent=2447"}],"curies":[{"name":"wp","href":"https:\/\/api.w.org\/{rel}","templated":true}]}}